{"id":6505,"date":"2016-10-18T16:45:26","date_gmt":"2016-10-18T14:45:26","guid":{"rendered":"http:\/\/passioncolorseverything.com\/blog\/?page_id=6505"},"modified":"2024-06-26T12:25:00","modified_gmt":"2024-06-26T10:25:00","slug":"anatomy-of-frank","status":"publish","type":"page","link":"https:\/\/passioncolorseverything.com\/blog\/?page_id=6505","title":{"rendered":"Anatomy of Frank"},"content":{"rendered":"<p>I accidentally stumbled upon The Anatomy of Frank at Iceland Airwaves in 2014. Went to the venue to saw the band that was scheduled to play after them, but they were running later, so I got to see and hear the end of their set. The two or three songs I witnessed where enough to fall in love with the music and once I got back to my hotel and checked the schedule I happily found they were playing a lot more shows. I went to three more concerts here and have since been lucky enough to see the band on their European tours. Kyle, the singer, supported \u00c1rst\u00ed\u00f0ir\u00a0on two of their tours &#8211; more concerts for me.<\/p>\n<p>I enjoyed the ride as long as it lasted and somewhere between 2018 and 2020 the band quietly dissoveld. Kyle continued as a solo artist under a new name, Glorious Leader and finally toured outside the US again in 2024.<\/p>\n<p><strong>The Band<\/strong><\/p>\n<ul>\n<li>Kyle Woolard &#8211; guitar and vocals<\/li>\n<li>Jimmy Bullis &#8211; keyboards<\/li>\n<li>Max Bollinger &#8211; drums<\/li>\n<\/ul>\n<p><strong>The Concerts<\/strong><\/p>\n<p>31 with the band plus 20 solo concerts, 30 cities, 7 countries<\/p>\n<p>2024<\/p>\n<ul>\n<li><a href=\"https:\/\/passioncolorseverything.com\/blog\/?p=14479\">Trier, Melodica Festival, April 26th (Glorious Leader)<\/a><\/li>\n<\/ul>\n<p>2018<\/p>\n<ul>\n<li><a href=\"http:\/\/passioncolorseverything.com\/blog\/?p=9845\">Berlin, Zwiebelkirche, November 24th (Kyle Solo)<\/a><\/li>\n<li>Iceland Airwaves, Gaukurinn, November 10th<\/li>\n<\/ul>\n<p>2017<\/p>\n<ul>\n<li><a href=\"http:\/\/passioncolorseverything.com\/blog\/?p=8515\">Middembeemster, de Keyserin, December 2nd<\/a><\/li>\n<li><a href=\"http:\/\/passioncolorseverything.com\/blog\/?p=8655\">Cologne, Die Wohngemeinschaft, November 29th<\/a><\/li>\n<li><a href=\"http:\/\/passioncolorseverything.com\/blog\/?p=8469\">Freiburg, Swamp, November 25th<\/a><\/li>\n<li><a href=\"http:\/\/passioncolorseverything.com\/blog\/?p=8475\">Basel, Davidseck, November 24th<\/a><\/li>\n<li><a href=\"http:\/\/passioncolorseverything.com\/blog\/?p=8427\">Dachau, Caf\u00e9 Gramsci, November 18th<\/a><\/li>\n<li><a href=\"http:\/\/passioncolorseverything.com\/blog\/?p=8425\">Innsbruck, Die B\u00e4ckerei &#8211; Kulturbackstube, Innsbruck, November 17th<\/a><\/li>\n<li><a href=\"http:\/\/passioncolorseverything.com\/blog\/?p=8423\">Kiel, Fahrrad Kino Kombinat, November 7th<\/a><\/li>\n<li><a href=\"http:\/\/passioncolorseverything.com\/blog\/?p=8412\">Iceland Airwaves, Bazaar Oddsson, November 4th<\/a><\/li>\n<li><a href=\"http:\/\/passioncolorseverything.com\/blog\/?p=8412\">Iceland Airwaves, Cintamani, November 3rd<\/a><\/li>\n<li><a href=\"http:\/\/passioncolorseverything.com\/blog\/?p=8412\">Iceland Airwaves, Hitt H\u00fasi\u00f0, November 3rd<\/a><\/li>\n<li><a href=\"http:\/\/passioncolorseverything.com\/blog\/?p=8412\">Iceland Airwaves, Bar 11, November 2nd<\/a><\/li>\n<li><a href=\"http:\/\/passioncolorseverything.com\/blog\/?p=8412\">Iceland Airwaves, Aurora, November 1st<\/a><\/li>\n<\/ul>\n<p>2016<\/p>\n<ul>\n<li><a href=\"http:\/\/passioncolorseverything.com\/blog\/?p=6618\">Iceland Airwaves, Cintamani, November 5th (7 pm)<\/a><\/li>\n<li><a href=\"http:\/\/passioncolorseverything.com\/blog\/?p=6618\">Iceland Airwaves, B\u00e6jarins Beztu Pylsur, November 5th (4 pm)<\/a><\/li>\n<li><a href=\"http:\/\/passioncolorseverything.com\/blog\/?p=6618\">Iceland Airwaves, Bar 11, November 4th (9pm)<\/a><\/li>\n<li><a href=\"http:\/\/passioncolorseverything.com\/blog\/?p=6618\">Iceland Airwaves, M\u00e1ls og Menningar, November 4th (6 pm)<\/a><\/li>\n<li><a href=\"http:\/\/passioncolorseverything.com\/blog\/?p=6618\">Iceland Airwaves, Tjarnab\u00edo, November 3rd<\/a><\/li>\n<li><a href=\"http:\/\/passioncolorseverything.com\/blog\/?p=6618\">Iceland Airwaves, Nordic House, November 3rd<\/a><\/li>\n<li><a href=\"http:\/\/passioncolorseverything.com\/blog\/?p=6578\">Paris, Pop In, October 29th<\/a><\/li>\n<li><a href=\"http:\/\/passioncolorseverything.com\/blog\/?p=6573\">Basel, Davidseck, October 28th<\/a><\/li>\n<li><a href=\"http:\/\/passioncolorseverything.com\/blog\/?p=6516\">Aschaffenburg, Sidestep, October 17th<\/a><\/li>\n<li><a href=\"http:\/\/passioncolorseverything.com\/blog\/?p=6490\">Frankfurt, Nebbiensches Gartenhaus, October 14th<\/a><\/li>\n<li><a href=\"http:\/\/passioncolorseverything.com\/blog\/?p=6431\">Stockholm, Galleri Stense, October 2nd<\/a><\/li>\n<\/ul>\n<p>Kyle Solo (supporting \u00c1rst\u00ed\u00f0ir\u00a0and Svavar Kn\u00fatur)<\/p>\n<ul>\n<li><a href=\"http:\/\/passioncolorseverything.com\/blog\/?p=6324\">Freiburg, Heilig-Geist Kirche, September 17th<\/a><\/li>\n<li><a href=\"http:\/\/passioncolorseverything.com\/blog\/?p=6322\">M<\/a>\u00fc<a href=\"http:\/\/passioncolorseverything.com\/blog\/?p=6322\">nster, Schnabulenz, September 16th<\/a><\/li>\n<li><a href=\"http:\/\/passioncolorseverything.com\/blog\/?p=6300\">Cologne, Weltempf\u00e4nger, September 11th<\/a><\/li>\n<li><a href=\"http:\/\/passioncolorseverything.com\/blog\/?p=5883\">Bordesholm, Savoy Kino, April 27th<\/a><\/li>\n<li><a href=\"http:\/\/passioncolorseverything.com\/blog\/?p=6106\">Berlin, Auster Club, April 26th<\/a><\/li>\n<li><a href=\"http:\/\/passioncolorseverything.com\/blog\/?p=5875\">Erlangen, E-Werk, April 24t<\/a>h<\/li>\n<li><a href=\"http:\/\/passioncolorseverything.com\/blog\/?p=6026\">Esslingen, Kulturzentrum Dieselstrasse, April 23rd<\/a><\/li>\n<li><a href=\"http:\/\/passioncolorseverything.com\/blog\/?p=5867\">Stuttgart, Caf\u00e9 Galao, April 21st<\/a><\/li>\n<li><a href=\"http:\/\/passioncolorseverything.com\/blog\/?p=5853\">Aschaffenburg, Colos-Saal, April 19th<\/a><\/li>\n<li><a href=\"http:\/\/passioncolorseverything.com\/blog\/?p=5950\">Munich, Krahnhalle, April 17th<\/a><\/li>\n<li><a href=\"http:\/\/passioncolorseverything.com\/blog\/?p=5911\">Annaberg-Buchholz, Alte Brauerei, April 16th<\/a><\/li>\n<li><a href=\"http:\/\/passioncolorseverything.com\/blog\/?p=5898\">Hagen, Christuskirche, April 15th<\/a><\/li>\n<\/ul>\n<p>2015<\/p>\n<ul>\n<li>Wetzlar, Cafe Vinyl, November 1st<\/li>\n<li>Cochem, San Christobal\u00a0 \u00a0, October 31st<\/li>\n<li>Bordesholm, Savoy\u00a0Kino,\u00a0October 30th<\/li>\n<\/ul>\n<p>Kyle Solo (supporting \u00c1rst\u00ed\u00f0ir\u00a0)<\/p>\n<ul>\n<li>Gutenbrunn, B\u00fchnenwirtshaus Juster, March 28th<\/li>\n<li>Bleiburg, Altes Brauhaus, March 27th<\/li>\n<li>Salzburg, Oval, March 26th<\/li>\n<li>Hohenems, L\u00f6wensaal, March 25th<\/li>\n<li>Vienna, Sargfabrik, March 24th<\/li>\n<li>Baden, Cinema Paradiso, March 23rd<\/li>\n<\/ul>\n<p>2014<\/p>\n<ul>\n<li><a href=\"http:\/\/passioncolorseverything.com\/blog\/?p=5160\">Iceland Airwaves, Hitt H\u00fasi\u00f0, November 8th<\/a><\/li>\n<li><a href=\"http:\/\/passioncolorseverything.com\/blog\/?p=5160\">Iceland Airwaves, I\u00d0A L\u00c6KJARGATA, November 8th<\/a><\/li>\n<li><a href=\"http:\/\/passioncolorseverything.com\/blog\/?p=5160\">Iceland Airwaves, I\u00d0A ZIMSEN, November 7th<\/a><\/li>\n<li><a href=\"http:\/\/passioncolorseverything.com\/blog\/?p=5160\">Iceland Airwaves, Hlemmur Square, November 5th<\/a><\/li>\n<\/ul>\n","protected":false},"excerpt":{"rendered":"<p>I accidentally stumbled upon The Anatomy of Frank at Iceland Airwaves in 2014. Went to the venue to saw the band that was scheduled to play after them, but they were running later, so I got to see and hear &hellip; <a class=\"more-link\" href=\"https:\/\/passioncolorseverything.com\/blog\/?page_id=6505\">Continue reading <span class=\"meta-nav\">&rarr;<\/span><\/a><\/p>\n","protected":false},"author":2,"featured_media":0,"parent":0,"menu_order":0,"comment_status":"closed","ping_status":"closed","template":"","meta":{"footnotes":""},"class_list":["post-6505","page","type-page","status-publish","hentry"],"_links":{"self":[{"href":"https:\/\/passioncolorseverything.com\/blog\/index.php?rest_route=\/wp\/v2\/pages\/6505","targetHints":{"allow":["GET"]}}],"collection":[{"href":"https:\/\/passioncolorseverything.com\/blog\/index.php?rest_route=\/wp\/v2\/pages"}],"about":[{"href":"https:\/\/passioncolorseverything.com\/blog\/index.php?rest_route=\/wp\/v2\/types\/page"}],"author":[{"embeddable":true,"href":"https:\/\/passioncolorseverything.com\/blog\/index.php?rest_route=\/wp\/v2\/users\/2"}],"replies":[{"embeddable":true,"href":"https:\/\/passioncolorseverything.com\/blog\/index.php?rest_route=%2Fwp%2Fv2%2Fcomments&post=6505"}],"version-history":[{"count":33,"href":"https:\/\/passioncolorseverything.com\/blog\/index.php?rest_route=\/wp\/v2\/pages\/6505\/revisions"}],"predecessor-version":[{"id":14550,"href":"https:\/\/passioncolorseverything.com\/blog\/index.php?rest_route=\/wp\/v2\/pages\/6505\/revisions\/14550"}],"wp:attachment":[{"href":"https:\/\/passioncolorseverything.com\/blog\/index.php?rest_route=%2Fwp%2Fv2%2Fmedia&parent=6505"}],"curies":[{"name":"wp","href":"https:\/\/api.w.org\/{rel}","templated":true}]}}